{"id":3856,"date":"2026-02-10T13:48:31","date_gmt":"2026-02-10T12:48:31","guid":{"rendered":"https:\/\/finca-biniagual.com\/?post_type=product&#038;p=3856"},"modified":"2026-03-13T11:24:08","modified_gmt":"2026-03-13T10:24:08","slug":"finca-biniagual-memories-experience","status":"publish","type":"product","link":"https:\/\/finca-biniagual.com\/en\/producto\/finca-biniagual-memories-experience\/","title":{"rendered":"Option 0-Finca Biniagual Mem\u00f2ries Experience"},"content":{"rendered":"<p><strong>Wines included in the tasting (3):<\/strong><\/p>\n<ul>\n<li>Mem\u00f2ries de Biniagual Blanc<\/li>\n<li>Mem\u00f2ries de Biniagual Rosat<\/li>\n<li>Mem\u00f2ries de Biniagual Negre<\/li>\n<\/ul>\n<p><strong>Majorcan tapas:<\/strong><\/p>\n<ul>\n<li>Assortment of Balearic cheeses: sheep, goat and cow.<\/li>\n<li>Mallorcan brown bread accompanied by olives, extra virgin olive oil ECOand orange marmalade from Finca Biniagual.<\/li>\n<\/ul>\n<p><a href=\"https:\/\/finca-biniagual.com\/wp-content\/uploads\/2026\/03\/Opcion-0.-INGLES_compressed.pdf\" target=\"_blank\" rel=\"noopener\"><br \/>\nSee complete information about the experience<br \/>\n<\/a><\/p>\n<p><strong>Price:<\/strong> 32,00 \u20ac per person (VAT included)<\/p>\n<p>Select the quantity according to the number of people participating in the experience.<\/p>\n","protected":false},"excerpt":{"rendered":"<p>Wines included in the tasting (3): Mem\u00f2ries de Biniagual Blanc Mem\u00f2ries de Biniagual Rosat Mem\u00f2ries de Biniagual Negre Majorcan tapas: Assortment of Balearic cheeses: sheep, goat and cow. Mallorcan brown bread accompanied by olives, extra virgin olive oil ECOand orange marmalade from Finca Biniagual. See complete information about the experience Price: 32,00 \u20ac per person [&hellip;]<\/p>\n","protected":false},"featured_media":654,"template":"","meta":[],"product_brand":[],"product_cat":[],"product_tag":[],"class_list":{"0":"post-3856","1":"product","2":"type-product","3":"status-publish","4":"has-post-thumbnail","7":"first","8":"instock","9":"virtual","10":"taxable","11":"purchasable","12":"product-type-simple"},"yoast_head":"<!-- This site is optimized with the Yoast SEO plugin v27.1.1 - https:\/\/yoast.com\/product\/yoast-seo-wordpress\/ -->\n<title>Option 0-Finca Biniagual Mem\u00f2ries Experience - Finca Biniagual<\/title>\n<meta name=\"robots\" content=\"index, follow, max-snippet:-1, max-image-preview:large, max-video-preview:-1\" \/>\n<link rel=\"canonical\" href=\"https:\/\/finca-biniagual.com\/en\/producto\/finca-biniagual-memories-experience\/\" \/>\n<meta property=\"og:locale\" content=\"en_US\" \/>\n<meta property=\"og:type\" content=\"article\" \/>\n<meta property=\"og:title\" content=\"Option 0-Finca Biniagual Mem\u00f2ries Experience - Finca Biniagual\" \/>\n<meta property=\"og:description\" content=\"Wines included in the tasting (3): Mem\u00f2ries de Biniagual Blanc Mem\u00f2ries de Biniagual Rosat Mem\u00f2ries de Biniagual Negre Majorcan tapas: Assortment of Balearic cheeses: sheep, goat and cow. Mallorcan brown bread accompanied by olives, extra virgin olive oil ECOand orange marmalade from Finca Biniagual. See complete information about the experience Price: 32,00 \u20ac per person [&hellip;]\" \/>\n<meta property=\"og:url\" content=\"https:\/\/finca-biniagual.com\/en\/producto\/finca-biniagual-memories-experience\/\" \/>\n<meta property=\"og:site_name\" content=\"Finca Biniagual\" \/>\n<meta property=\"article:modified_time\" content=\"2026-03-13T10:24:08+00:00\" \/>\n<meta property=\"og:image\" content=\"https:\/\/finca-biniagual.com\/wp-content\/uploads\/2023\/09\/b50c2b3f-9b8a-4778-a7f9-3eed33f6e4c8.webp\" \/>\n\t<meta property=\"og:image:width\" content=\"1408\" \/>\n\t<meta property=\"og:image:height\" content=\"896\" \/>\n\t<meta property=\"og:image:type\" content=\"image\/webp\" \/>\n<meta name=\"twitter:card\" content=\"summary_large_image\" \/>\n<meta name=\"twitter:label1\" content=\"Est. reading time\" \/>\n\t<meta name=\"twitter:data1\" content=\"1 minute\" \/>\n<script type=\"application\/ld+json\" class=\"yoast-schema-graph\">{\"@context\":\"https:\/\/schema.org\",\"@graph\":[{\"@type\":\"WebPage\",\"@id\":\"https:\/\/finca-biniagual.com\/en\/producto\/finca-biniagual-memories-experience\/\",\"url\":\"https:\/\/finca-biniagual.com\/en\/producto\/finca-biniagual-memories-experience\/\",\"name\":\"Option 0-Finca Biniagual Mem\u00f2ries Experience - Finca Biniagual\",\"isPartOf\":{\"@id\":\"https:\/\/finca-biniagual.com\/#website\"},\"primaryImageOfPage\":{\"@id\":\"https:\/\/finca-biniagual.com\/en\/producto\/finca-biniagual-memories-experience\/#primaryimage\"},\"image\":{\"@id\":\"https:\/\/finca-biniagual.com\/en\/producto\/finca-biniagual-memories-experience\/#primaryimage\"},\"thumbnailUrl\":\"https:\/\/finca-biniagual.com\/wp-content\/uploads\/2023\/09\/b50c2b3f-9b8a-4778-a7f9-3eed33f6e4c8.webp\",\"datePublished\":\"2026-02-10T12:48:31+00:00\",\"dateModified\":\"2026-03-13T10:24:08+00:00\",\"breadcrumb\":{\"@id\":\"https:\/\/finca-biniagual.com\/en\/producto\/finca-biniagual-memories-experience\/#breadcrumb\"},\"inLanguage\":\"en-US\",\"potentialAction\":[{\"@type\":\"ReadAction\",\"target\":[\"https:\/\/finca-biniagual.com\/en\/producto\/finca-biniagual-memories-experience\/\"]}]},{\"@type\":\"ImageObject\",\"inLanguage\":\"en-US\",\"@id\":\"https:\/\/finca-biniagual.com\/en\/producto\/finca-biniagual-memories-experience\/#primaryimage\",\"url\":\"https:\/\/finca-biniagual.com\/wp-content\/uploads\/2023\/09\/b50c2b3f-9b8a-4778-a7f9-3eed33f6e4c8.webp\",\"contentUrl\":\"https:\/\/finca-biniagual.com\/wp-content\/uploads\/2023\/09\/b50c2b3f-9b8a-4778-a7f9-3eed33f6e4c8.webp\",\"width\":1408,\"height\":896},{\"@type\":\"BreadcrumbList\",\"@id\":\"https:\/\/finca-biniagual.com\/en\/producto\/finca-biniagual-memories-experience\/#breadcrumb\",\"itemListElement\":[{\"@type\":\"ListItem\",\"position\":1,\"name\":\"Portada\",\"item\":\"https:\/\/finca-biniagual.com\/\"},{\"@type\":\"ListItem\",\"position\":2,\"name\":\"Store\",\"item\":\"https:\/\/finca-biniagual.com\/store\/\"},{\"@type\":\"ListItem\",\"position\":3,\"name\":\"Option 0-Finca Biniagual Mem\u00f2ries Experience\"}]},{\"@type\":\"WebSite\",\"@id\":\"https:\/\/finca-biniagual.com\/#website\",\"url\":\"https:\/\/finca-biniagual.com\/\",\"name\":\"Finca Biniagual\",\"description\":\"\",\"publisher\":{\"@id\":\"https:\/\/finca-biniagual.com\/#organization\"},\"potentialAction\":[{\"@type\":\"SearchAction\",\"target\":{\"@type\":\"EntryPoint\",\"urlTemplate\":\"https:\/\/finca-biniagual.com\/?s={search_term_string}\"},\"query-input\":{\"@type\":\"PropertyValueSpecification\",\"valueRequired\":true,\"valueName\":\"search_term_string\"}}],\"inLanguage\":\"en-US\"},{\"@type\":\"Organization\",\"@id\":\"https:\/\/finca-biniagual.com\/#organization\",\"name\":\"Finca Biniagual\",\"url\":\"https:\/\/finca-biniagual.com\/\",\"logo\":{\"@type\":\"ImageObject\",\"inLanguage\":\"en-US\",\"@id\":\"https:\/\/finca-biniagual.com\/#\/schema\/logo\/image\/\",\"url\":\"https:\/\/finca-biniagual.com\/wp-content\/uploads\/2023\/11\/descarga.png\",\"contentUrl\":\"https:\/\/finca-biniagual.com\/wp-content\/uploads\/2023\/11\/descarga.png\",\"width\":225,\"height\":225,\"caption\":\"Finca Biniagual\"},\"image\":{\"@id\":\"https:\/\/finca-biniagual.com\/#\/schema\/logo\/image\/\"}}]}<\/script>\n<!-- \/ Yoast SEO plugin. -->","yoast_head_json":{"title":"Option 0-Finca Biniagual Mem\u00f2ries Experience - Finca Biniagual","robots":{"index":"index","follow":"follow","max-snippet":"max-snippet:-1","max-image-preview":"max-image-preview:large","max-video-preview":"max-video-preview:-1"},"canonical":"https:\/\/finca-biniagual.com\/en\/producto\/finca-biniagual-memories-experience\/","og_locale":"en_US","og_type":"article","og_title":"Option 0-Finca Biniagual Mem\u00f2ries Experience - Finca Biniagual","og_description":"Wines included in the tasting (3): Mem\u00f2ries de Biniagual Blanc Mem\u00f2ries de Biniagual Rosat Mem\u00f2ries de Biniagual Negre Majorcan tapas: Assortment of Balearic cheeses: sheep, goat and cow. Mallorcan brown bread accompanied by olives, extra virgin olive oil ECOand orange marmalade from Finca Biniagual. See complete information about the experience Price: 32,00 \u20ac per person [&hellip;]","og_url":"https:\/\/finca-biniagual.com\/en\/producto\/finca-biniagual-memories-experience\/","og_site_name":"Finca Biniagual","article_modified_time":"2026-03-13T10:24:08+00:00","og_image":[{"width":1408,"height":896,"url":"https:\/\/finca-biniagual.com\/wp-content\/uploads\/2023\/09\/b50c2b3f-9b8a-4778-a7f9-3eed33f6e4c8.webp","type":"image\/webp"}],"twitter_card":"summary_large_image","twitter_misc":{"Est. reading time":"1 minute"},"schema":{"@context":"https:\/\/schema.org","@graph":[{"@type":"WebPage","@id":"https:\/\/finca-biniagual.com\/en\/producto\/finca-biniagual-memories-experience\/","url":"https:\/\/finca-biniagual.com\/en\/producto\/finca-biniagual-memories-experience\/","name":"Option 0-Finca Biniagual Mem\u00f2ries Experience - Finca Biniagual","isPartOf":{"@id":"https:\/\/finca-biniagual.com\/#website"},"primaryImageOfPage":{"@id":"https:\/\/finca-biniagual.com\/en\/producto\/finca-biniagual-memories-experience\/#primaryimage"},"image":{"@id":"https:\/\/finca-biniagual.com\/en\/producto\/finca-biniagual-memories-experience\/#primaryimage"},"thumbnailUrl":"https:\/\/finca-biniagual.com\/wp-content\/uploads\/2023\/09\/b50c2b3f-9b8a-4778-a7f9-3eed33f6e4c8.webp","datePublished":"2026-02-10T12:48:31+00:00","dateModified":"2026-03-13T10:24:08+00:00","breadcrumb":{"@id":"https:\/\/finca-biniagual.com\/en\/producto\/finca-biniagual-memories-experience\/#breadcrumb"},"inLanguage":"en-US","potentialAction":[{"@type":"ReadAction","target":["https:\/\/finca-biniagual.com\/en\/producto\/finca-biniagual-memories-experience\/"]}]},{"@type":"ImageObject","inLanguage":"en-US","@id":"https:\/\/finca-biniagual.com\/en\/producto\/finca-biniagual-memories-experience\/#primaryimage","url":"https:\/\/finca-biniagual.com\/wp-content\/uploads\/2023\/09\/b50c2b3f-9b8a-4778-a7f9-3eed33f6e4c8.webp","contentUrl":"https:\/\/finca-biniagual.com\/wp-content\/uploads\/2023\/09\/b50c2b3f-9b8a-4778-a7f9-3eed33f6e4c8.webp","width":1408,"height":896},{"@type":"BreadcrumbList","@id":"https:\/\/finca-biniagual.com\/en\/producto\/finca-biniagual-memories-experience\/#breadcrumb","itemListElement":[{"@type":"ListItem","position":1,"name":"Portada","item":"https:\/\/finca-biniagual.com\/"},{"@type":"ListItem","position":2,"name":"Store","item":"https:\/\/finca-biniagual.com\/store\/"},{"@type":"ListItem","position":3,"name":"Option 0-Finca Biniagual Mem\u00f2ries Experience"}]},{"@type":"WebSite","@id":"https:\/\/finca-biniagual.com\/#website","url":"https:\/\/finca-biniagual.com\/","name":"Finca Biniagual","description":"","publisher":{"@id":"https:\/\/finca-biniagual.com\/#organization"},"potentialAction":[{"@type":"SearchAction","target":{"@type":"EntryPoint","urlTemplate":"https:\/\/finca-biniagual.com\/?s={search_term_string}"},"query-input":{"@type":"PropertyValueSpecification","valueRequired":true,"valueName":"search_term_string"}}],"inLanguage":"en-US"},{"@type":"Organization","@id":"https:\/\/finca-biniagual.com\/#organization","name":"Finca Biniagual","url":"https:\/\/finca-biniagual.com\/","logo":{"@type":"ImageObject","inLanguage":"en-US","@id":"https:\/\/finca-biniagual.com\/#\/schema\/logo\/image\/","url":"https:\/\/finca-biniagual.com\/wp-content\/uploads\/2023\/11\/descarga.png","contentUrl":"https:\/\/finca-biniagual.com\/wp-content\/uploads\/2023\/11\/descarga.png","width":225,"height":225,"caption":"Finca Biniagual"},"image":{"@id":"https:\/\/finca-biniagual.com\/#\/schema\/logo\/image\/"}}]}},"_links":{"self":[{"href":"https:\/\/finca-biniagual.com\/en\/wp-json\/wp\/v2\/product\/3856","targetHints":{"allow":["GET"]}}],"collection":[{"href":"https:\/\/finca-biniagual.com\/en\/wp-json\/wp\/v2\/product"}],"about":[{"href":"https:\/\/finca-biniagual.com\/en\/wp-json\/wp\/v2\/types\/product"}],"wp:featuredmedia":[{"embeddable":true,"href":"https:\/\/finca-biniagual.com\/en\/wp-json\/wp\/v2\/media\/654"}],"wp:attachment":[{"href":"https:\/\/finca-biniagual.com\/en\/wp-json\/wp\/v2\/media?parent=3856"}],"wp:term":[{"taxonomy":"product_brand","embeddable":true,"href":"https:\/\/finca-biniagual.com\/en\/wp-json\/wp\/v2\/product_brand?post=3856"},{"taxonomy":"product_cat","embeddable":true,"href":"https:\/\/finca-biniagual.com\/en\/wp-json\/wp\/v2\/product_cat?post=3856"},{"taxonomy":"product_tag","embeddable":true,"href":"https:\/\/finca-biniagual.com\/en\/wp-json\/wp\/v2\/product_tag?post=3856"}],"curies":[{"name":"wp","href":"https:\/\/api.w.org\/{rel}","templated":true}]}}