{"id":3847,"date":"2026-02-23T16:10:56","date_gmt":"2026-02-23T15:10:56","guid":{"rendered":"https:\/\/finca-biniagual.com\/?post_type=product&#038;p=3847"},"modified":"2026-03-13T11:11:26","modified_gmt":"2026-03-13T10:11:26","slug":"gastronomic-wine-experience-biniagual","status":"publish","type":"product","link":"https:\/\/finca-biniagual.com\/de\/producto\/gastronomic-wine-experience-biniagual\/","title":{"rendered":"Option 5-Fosh &#038; Wine Experience Biniagual"},"content":{"rendered":"<p>Genie\u00dfen Sie eine exklusive Erfahrung mit der <strong>Fosh &amp; Wine Experience Biniagual<\/strong>, einem Angebot f\u00fcr alle, die Wein, Gastronomie und Umgebung in ihrer h\u00f6chsten Auspr\u00e4gung verbinden m\u00f6chten.<\/p>\n<p>Das Erlebnis beginnt mit einer gef\u00fchrten Besichtigung unserer Bodega, bei der Sie das \u00f6kologische Projekt der Finca Biniagual sowie den Herstellungsprozess der Weine kennenlernen. W\u00e4hrend des Rundgangs besuchen wir die G\u00e4r- und Lagerhallen sowie den Barriquekeller.<\/p>\n<p>Anschlie\u00dfend genie\u00dfen Sie eine Verkostung unserer repr\u00e4sentativsten Weine, begleitet von einer Auswahl mallorquinischer Tapas und Produkten der Finca.<\/p>\n<p>Den Abschluss bildet ein gastronomisches Mittagessen in unserer Vinoteca, zubereitet von FOSH Catering, mit einem Men\u00fc zum Teilen, das sorgf\u00e4ltig darauf abgestimmt ist, unsere Weine zu begleiten und lokale Produkte hervorzuheben.<\/p>\n<p>Eine Erfahrung, die dazu einl\u00e4dt, sich Zeit zu nehmen, zu teilen und sich mit der weinbaulichen und gastronomischen Essenz Mallorcas zu verbinden.<\/p>\n<p><a href=\"https:\/\/finca-biniagual.com\/wp-content\/uploads\/2026\/03\/Fosh-Biniagual-Experience-2026-Selen.pdf.pdf\" target=\"_blank\" rel=\"noopener\"><br \/>\nAlle Informationen zur Erfahrung ansehen<br \/>\n<\/a><\/p>\n<p><strong>Preis:<\/strong> 160 \u20ac pro Person (inkl. MwSt.)<\/p>\n<p><strong>Mindestteilnehmerzahl:<\/strong> 6 Personen<\/p>\n<p>Bitte w\u00e4hlen Sie die Anzahl entsprechend der teilnehmenden Personen aus.<\/p>\n","protected":false},"excerpt":{"rendered":"<p>Mindestteilnehmerzahl: 6 Personen<br \/>\nBitte w\u00e4hlen Sie die Anzahl entsprechend der teilnehmenden Personen aus.<\/p>\n","protected":false},"featured_media":1115,"template":"","meta":[],"product_brand":[],"product_cat":[],"product_tag":[],"class_list":{"0":"post-3847","1":"product","2":"type-product","3":"status-publish","4":"has-post-thumbnail","7":"first","8":"instock","9":"virtual","10":"taxable","11":"purchasable","12":"product-type-simple"},"yoast_head":"<!-- This site is optimized with the Yoast SEO plugin v27.1.1 - https:\/\/yoast.com\/product\/yoast-seo-wordpress\/ -->\n<title>Option 5-Fosh &amp; Wine Experience Biniagual - Finca Biniagual<\/title>\n<meta name=\"robots\" content=\"index, follow, max-snippet:-1, max-image-preview:large, max-video-preview:-1\" \/>\n<link rel=\"canonical\" href=\"https:\/\/finca-biniagual.com\/de\/producto\/gastronomic-wine-experience-biniagual\/\" \/>\n<meta property=\"og:locale\" content=\"de_DE\" \/>\n<meta property=\"og:type\" content=\"article\" \/>\n<meta property=\"og:title\" content=\"Option 5-Fosh &amp; Wine Experience Biniagual - Finca Biniagual\" \/>\n<meta property=\"og:description\" content=\"Mindestteilnehmerzahl: 6 Personen Bitte w\u00e4hlen Sie die Anzahl entsprechend der teilnehmenden Personen aus.\" \/>\n<meta property=\"og:url\" content=\"https:\/\/finca-biniagual.com\/de\/producto\/gastronomic-wine-experience-biniagual\/\" \/>\n<meta property=\"og:site_name\" content=\"Finca Biniagual\" \/>\n<meta property=\"article:modified_time\" content=\"2026-03-13T10:11:26+00:00\" \/>\n<meta property=\"og:image\" content=\"https:\/\/finca-biniagual.com\/wp-content\/uploads\/2023\/09\/AAA8771-scaled.jpg\" \/>\n\t<meta property=\"og:image:width\" content=\"2560\" \/>\n\t<meta property=\"og:image:height\" content=\"1709\" \/>\n\t<meta property=\"og:image:type\" content=\"image\/jpeg\" \/>\n<meta name=\"twitter:card\" content=\"summary_large_image\" \/>\n<meta name=\"twitter:label1\" content=\"Gesch\u00e4tzte Lesezeit\" \/>\n\t<meta name=\"twitter:data1\" content=\"1\u00a0Minute\" \/>\n<script type=\"application\/ld+json\" class=\"yoast-schema-graph\">{\"@context\":\"https:\/\/schema.org\",\"@graph\":[{\"@type\":\"WebPage\",\"@id\":\"https:\/\/finca-biniagual.com\/de\/producto\/gastronomic-wine-experience-biniagual\/\",\"url\":\"https:\/\/finca-biniagual.com\/de\/producto\/gastronomic-wine-experience-biniagual\/\",\"name\":\"Option 5-Fosh & Wine Experience Biniagual - Finca Biniagual\",\"isPartOf\":{\"@id\":\"https:\/\/finca-biniagual.com\/#website\"},\"primaryImageOfPage\":{\"@id\":\"https:\/\/finca-biniagual.com\/de\/producto\/gastronomic-wine-experience-biniagual\/#primaryimage\"},\"image\":{\"@id\":\"https:\/\/finca-biniagual.com\/de\/producto\/gastronomic-wine-experience-biniagual\/#primaryimage\"},\"thumbnailUrl\":\"https:\/\/finca-biniagual.com\/wp-content\/uploads\/2023\/09\/AAA8771-scaled.jpg\",\"datePublished\":\"2026-02-23T15:10:56+00:00\",\"dateModified\":\"2026-03-13T10:11:26+00:00\",\"breadcrumb\":{\"@id\":\"https:\/\/finca-biniagual.com\/de\/producto\/gastronomic-wine-experience-biniagual\/#breadcrumb\"},\"inLanguage\":\"de\",\"potentialAction\":[{\"@type\":\"ReadAction\",\"target\":[\"https:\/\/finca-biniagual.com\/de\/producto\/gastronomic-wine-experience-biniagual\/\"]}]},{\"@type\":\"ImageObject\",\"inLanguage\":\"de\",\"@id\":\"https:\/\/finca-biniagual.com\/de\/producto\/gastronomic-wine-experience-biniagual\/#primaryimage\",\"url\":\"https:\/\/finca-biniagual.com\/wp-content\/uploads\/2023\/09\/AAA8771-scaled.jpg\",\"contentUrl\":\"https:\/\/finca-biniagual.com\/wp-content\/uploads\/2023\/09\/AAA8771-scaled.jpg\",\"width\":2560,\"height\":1709},{\"@type\":\"BreadcrumbList\",\"@id\":\"https:\/\/finca-biniagual.com\/de\/producto\/gastronomic-wine-experience-biniagual\/#breadcrumb\",\"itemListElement\":[{\"@type\":\"ListItem\",\"position\":1,\"name\":\"Portada\",\"item\":\"https:\/\/finca-biniagual.com\/\"},{\"@type\":\"ListItem\",\"position\":2,\"name\":\"Speichern\",\"item\":\"https:\/\/finca-biniagual.com\/speichern\/\"},{\"@type\":\"ListItem\",\"position\":3,\"name\":\"Option 5-Fosh &#038; Wine Experience Biniagual\"}]},{\"@type\":\"WebSite\",\"@id\":\"https:\/\/finca-biniagual.com\/#website\",\"url\":\"https:\/\/finca-biniagual.com\/\",\"name\":\"Finca Biniagual\",\"description\":\"\",\"publisher\":{\"@id\":\"https:\/\/finca-biniagual.com\/#organization\"},\"potentialAction\":[{\"@type\":\"SearchAction\",\"target\":{\"@type\":\"EntryPoint\",\"urlTemplate\":\"https:\/\/finca-biniagual.com\/?s={search_term_string}\"},\"query-input\":{\"@type\":\"PropertyValueSpecification\",\"valueRequired\":true,\"valueName\":\"search_term_string\"}}],\"inLanguage\":\"de\"},{\"@type\":\"Organization\",\"@id\":\"https:\/\/finca-biniagual.com\/#organization\",\"name\":\"Finca Biniagual\",\"url\":\"https:\/\/finca-biniagual.com\/\",\"logo\":{\"@type\":\"ImageObject\",\"inLanguage\":\"de\",\"@id\":\"https:\/\/finca-biniagual.com\/#\/schema\/logo\/image\/\",\"url\":\"https:\/\/finca-biniagual.com\/wp-content\/uploads\/2023\/11\/descarga.png\",\"contentUrl\":\"https:\/\/finca-biniagual.com\/wp-content\/uploads\/2023\/11\/descarga.png\",\"width\":225,\"height\":225,\"caption\":\"Finca Biniagual\"},\"image\":{\"@id\":\"https:\/\/finca-biniagual.com\/#\/schema\/logo\/image\/\"}}]}<\/script>\n<!-- \/ Yoast SEO plugin. -->","yoast_head_json":{"title":"Option 5-Fosh & Wine Experience Biniagual - Finca Biniagual","robots":{"index":"index","follow":"follow","max-snippet":"max-snippet:-1","max-image-preview":"max-image-preview:large","max-video-preview":"max-video-preview:-1"},"canonical":"https:\/\/finca-biniagual.com\/de\/producto\/gastronomic-wine-experience-biniagual\/","og_locale":"de_DE","og_type":"article","og_title":"Option 5-Fosh & Wine Experience Biniagual - Finca Biniagual","og_description":"Mindestteilnehmerzahl: 6 Personen Bitte w\u00e4hlen Sie die Anzahl entsprechend der teilnehmenden Personen aus.","og_url":"https:\/\/finca-biniagual.com\/de\/producto\/gastronomic-wine-experience-biniagual\/","og_site_name":"Finca Biniagual","article_modified_time":"2026-03-13T10:11:26+00:00","og_image":[{"width":2560,"height":1709,"url":"https:\/\/finca-biniagual.com\/wp-content\/uploads\/2023\/09\/AAA8771-scaled.jpg","type":"image\/jpeg"}],"twitter_card":"summary_large_image","twitter_misc":{"Gesch\u00e4tzte Lesezeit":"1\u00a0Minute"},"schema":{"@context":"https:\/\/schema.org","@graph":[{"@type":"WebPage","@id":"https:\/\/finca-biniagual.com\/de\/producto\/gastronomic-wine-experience-biniagual\/","url":"https:\/\/finca-biniagual.com\/de\/producto\/gastronomic-wine-experience-biniagual\/","name":"Option 5-Fosh & Wine Experience Biniagual - Finca Biniagual","isPartOf":{"@id":"https:\/\/finca-biniagual.com\/#website"},"primaryImageOfPage":{"@id":"https:\/\/finca-biniagual.com\/de\/producto\/gastronomic-wine-experience-biniagual\/#primaryimage"},"image":{"@id":"https:\/\/finca-biniagual.com\/de\/producto\/gastronomic-wine-experience-biniagual\/#primaryimage"},"thumbnailUrl":"https:\/\/finca-biniagual.com\/wp-content\/uploads\/2023\/09\/AAA8771-scaled.jpg","datePublished":"2026-02-23T15:10:56+00:00","dateModified":"2026-03-13T10:11:26+00:00","breadcrumb":{"@id":"https:\/\/finca-biniagual.com\/de\/producto\/gastronomic-wine-experience-biniagual\/#breadcrumb"},"inLanguage":"de","potentialAction":[{"@type":"ReadAction","target":["https:\/\/finca-biniagual.com\/de\/producto\/gastronomic-wine-experience-biniagual\/"]}]},{"@type":"ImageObject","inLanguage":"de","@id":"https:\/\/finca-biniagual.com\/de\/producto\/gastronomic-wine-experience-biniagual\/#primaryimage","url":"https:\/\/finca-biniagual.com\/wp-content\/uploads\/2023\/09\/AAA8771-scaled.jpg","contentUrl":"https:\/\/finca-biniagual.com\/wp-content\/uploads\/2023\/09\/AAA8771-scaled.jpg","width":2560,"height":1709},{"@type":"BreadcrumbList","@id":"https:\/\/finca-biniagual.com\/de\/producto\/gastronomic-wine-experience-biniagual\/#breadcrumb","itemListElement":[{"@type":"ListItem","position":1,"name":"Portada","item":"https:\/\/finca-biniagual.com\/"},{"@type":"ListItem","position":2,"name":"Speichern","item":"https:\/\/finca-biniagual.com\/speichern\/"},{"@type":"ListItem","position":3,"name":"Option 5-Fosh &#038; Wine Experience Biniagual"}]},{"@type":"WebSite","@id":"https:\/\/finca-biniagual.com\/#website","url":"https:\/\/finca-biniagual.com\/","name":"Finca Biniagual","description":"","publisher":{"@id":"https:\/\/finca-biniagual.com\/#organization"},"potentialAction":[{"@type":"SearchAction","target":{"@type":"EntryPoint","urlTemplate":"https:\/\/finca-biniagual.com\/?s={search_term_string}"},"query-input":{"@type":"PropertyValueSpecification","valueRequired":true,"valueName":"search_term_string"}}],"inLanguage":"de"},{"@type":"Organization","@id":"https:\/\/finca-biniagual.com\/#organization","name":"Finca Biniagual","url":"https:\/\/finca-biniagual.com\/","logo":{"@type":"ImageObject","inLanguage":"de","@id":"https:\/\/finca-biniagual.com\/#\/schema\/logo\/image\/","url":"https:\/\/finca-biniagual.com\/wp-content\/uploads\/2023\/11\/descarga.png","contentUrl":"https:\/\/finca-biniagual.com\/wp-content\/uploads\/2023\/11\/descarga.png","width":225,"height":225,"caption":"Finca Biniagual"},"image":{"@id":"https:\/\/finca-biniagual.com\/#\/schema\/logo\/image\/"}}]}},"_links":{"self":[{"href":"https:\/\/finca-biniagual.com\/de\/wp-json\/wp\/v2\/product\/3847","targetHints":{"allow":["GET"]}}],"collection":[{"href":"https:\/\/finca-biniagual.com\/de\/wp-json\/wp\/v2\/product"}],"about":[{"href":"https:\/\/finca-biniagual.com\/de\/wp-json\/wp\/v2\/types\/product"}],"wp:featuredmedia":[{"embeddable":true,"href":"https:\/\/finca-biniagual.com\/de\/wp-json\/wp\/v2\/media\/1115"}],"wp:attachment":[{"href":"https:\/\/finca-biniagual.com\/de\/wp-json\/wp\/v2\/media?parent=3847"}],"wp:term":[{"taxonomy":"product_brand","embeddable":true,"href":"https:\/\/finca-biniagual.com\/de\/wp-json\/wp\/v2\/product_brand?post=3847"},{"taxonomy":"product_cat","embeddable":true,"href":"https:\/\/finca-biniagual.com\/de\/wp-json\/wp\/v2\/product_cat?post=3847"},{"taxonomy":"product_tag","embeddable":true,"href":"https:\/\/finca-biniagual.com\/de\/wp-json\/wp\/v2\/product_tag?post=3847"}],"curies":[{"name":"wp","href":"https:\/\/api.w.org\/{rel}","templated":true}]}}