{"id":3837,"date":"2026-02-23T16:11:00","date_gmt":"2026-02-23T15:11:00","guid":{"rendered":"https:\/\/finca-biniagual.com\/?post_type=product&#038;p=3837"},"modified":"2026-03-13T11:09:41","modified_gmt":"2026-03-13T10:09:41","slug":"wein-tour-erlebnis-biniagual","status":"publish","type":"product","link":"https:\/\/finca-biniagual.com\/de\/producto\/wein-tour-erlebnis-biniagual\/","title":{"rendered":"Option 2-Wein &amp; Tour Erlebnis Biniagual"},"content":{"rendered":"<p><strong>Tour &#8211; Weinkellerei und Dorf<\/strong><\/p>\n<p><strong>Weinkellerei:<\/strong> Besichtigung der Weinkellerei, wo wir unseren nachhaltigen \u00f6kologischen Ansatz und die Herstellung der Weine erkl\u00e4ren; wir besichtigen den Produktbereich und die R\u00e4ume, in denen die Weine reifen.<\/p>\n<p><strong>Dorf:<\/strong> Wir erz\u00e4hlen die Geschichte von Biniagual, die Entstehung des Dorfes und des heutigen Weingutes und spazieren durch den Weiler und seine G\u00e4rten.<\/p>\n<p><strong>Weine der Verkostung (6):<\/strong><\/p>\n<ul>\n<li>Mem\u00f2ries de Biniagual Blanc (White)<\/li>\n<li>Mem\u00f2ries de Biniagual Rosat (Rose)<\/li>\n<li>Mem\u00f2ries de Biniagual Negre (Red)<\/li>\n<li>Finca Biniagual Negre (Red)<\/li>\n<li>Finca Biniagual Ver\u00e1n (Red)<\/li>\n<li>Finca Biniagual Mantonegro (Red)<\/li>\n<\/ul>\n<p><strong>Mallorquinische Tapa:<\/strong><\/p>\n<ul>\n<li>Empanada mallorquina: glatter Teig gef\u00fcllt mit Fleisch und Erbsen<\/li>\n<li>Coca mallorquina: flacher, herzhafter Brotteig mit Gem\u00fcse-Tremp\u00f3<\/li>\n<li>Auswahl mallorquinischer Wurstwaren: Figatella, Nora, Sobrasada und Fuet<\/li>\n<li>K\u00e4seauswahl von den Balearen: oveja, cabra y vaca<\/li>\n<li>Jam\u00f3n ib\u00e9rico<\/li>\n<li>Mallorquinisches Bauernbrot, serviert mit Oliven, nativem Bio-Oliven\u00f6l extraund Orangenmarmelade der Finca Biniagual<\/li>\n<\/ul>\n<p><a href=\"https:\/\/finca-biniagual.com\/wp-content\/uploads\/2026\/03\/Opcion-2.-ALEMAN_compressed.pdf\" target=\"_blank\" rel=\"noopener\"><br \/>\nAlle Informationen zur Erfahrung ansehen<br \/>\n<\/a><\/p>\n<p>Preis: 71,00 \u20ac pro Person (inkl. MwSt.)<\/p>\n<p>Bitte w\u00e4hlen Sie die Anzahl entsprechend der teilnehmenden Personen aus.<\/p>\n","protected":false},"excerpt":{"rendered":"<p>Bitte w\u00e4hlen Sie die Anzahl entsprechend der teilnehmenden Personen aus.<\/p>\n","protected":false},"featured_media":2545,"template":"","meta":[],"product_brand":[],"product_cat":[],"product_tag":[],"class_list":{"0":"post-3837","1":"product","2":"type-product","3":"status-publish","4":"has-post-thumbnail","7":"first","8":"instock","9":"virtual","10":"taxable","11":"purchasable","12":"product-type-simple"},"yoast_head":"<!-- This site is optimized with the Yoast SEO plugin v27.1.1 - https:\/\/yoast.com\/product\/yoast-seo-wordpress\/ -->\n<title>Option 2-Wein &amp; Tour Erlebnis Biniagual - Finca Biniagual<\/title>\n<meta name=\"robots\" content=\"index, follow, max-snippet:-1, max-image-preview:large, max-video-preview:-1\" \/>\n<link rel=\"canonical\" href=\"https:\/\/finca-biniagual.com\/de\/producto\/wein-tour-erlebnis-biniagual\/\" \/>\n<meta property=\"og:locale\" content=\"de_DE\" \/>\n<meta property=\"og:type\" content=\"article\" \/>\n<meta property=\"og:title\" content=\"Option 2-Wein &amp; Tour Erlebnis Biniagual - Finca Biniagual\" \/>\n<meta property=\"og:description\" content=\"Bitte w\u00e4hlen Sie die Anzahl entsprechend der teilnehmenden Personen aus.\" \/>\n<meta property=\"og:url\" content=\"https:\/\/finca-biniagual.com\/de\/producto\/wein-tour-erlebnis-biniagual\/\" \/>\n<meta property=\"og:site_name\" content=\"Finca Biniagual\" \/>\n<meta property=\"article:modified_time\" content=\"2026-03-13T10:09:41+00:00\" \/>\n<meta property=\"og:image\" content=\"https:\/\/finca-biniagual.com\/wp-content\/uploads\/2024\/01\/opcion2.webp\" \/>\n\t<meta property=\"og:image:width\" content=\"1080\" \/>\n\t<meta property=\"og:image:height\" content=\"720\" \/>\n\t<meta property=\"og:image:type\" content=\"image\/webp\" \/>\n<meta name=\"twitter:card\" content=\"summary_large_image\" \/>\n<meta name=\"twitter:label1\" content=\"Gesch\u00e4tzte Lesezeit\" \/>\n\t<meta name=\"twitter:data1\" content=\"1\u00a0Minute\" \/>\n<script type=\"application\/ld+json\" class=\"yoast-schema-graph\">{\"@context\":\"https:\/\/schema.org\",\"@graph\":[{\"@type\":\"WebPage\",\"@id\":\"https:\/\/finca-biniagual.com\/de\/producto\/wein-tour-erlebnis-biniagual\/\",\"url\":\"https:\/\/finca-biniagual.com\/de\/producto\/wein-tour-erlebnis-biniagual\/\",\"name\":\"Option 2-Wein &amp; Tour Erlebnis Biniagual - Finca Biniagual\",\"isPartOf\":{\"@id\":\"https:\/\/finca-biniagual.com\/#website\"},\"primaryImageOfPage\":{\"@id\":\"https:\/\/finca-biniagual.com\/de\/producto\/wein-tour-erlebnis-biniagual\/#primaryimage\"},\"image\":{\"@id\":\"https:\/\/finca-biniagual.com\/de\/producto\/wein-tour-erlebnis-biniagual\/#primaryimage\"},\"thumbnailUrl\":\"https:\/\/finca-biniagual.com\/wp-content\/uploads\/2024\/01\/opcion2.webp\",\"datePublished\":\"2026-02-23T15:11:00+00:00\",\"dateModified\":\"2026-03-13T10:09:41+00:00\",\"breadcrumb\":{\"@id\":\"https:\/\/finca-biniagual.com\/de\/producto\/wein-tour-erlebnis-biniagual\/#breadcrumb\"},\"inLanguage\":\"de\",\"potentialAction\":[{\"@type\":\"ReadAction\",\"target\":[\"https:\/\/finca-biniagual.com\/de\/producto\/wein-tour-erlebnis-biniagual\/\"]}]},{\"@type\":\"ImageObject\",\"inLanguage\":\"de\",\"@id\":\"https:\/\/finca-biniagual.com\/de\/producto\/wein-tour-erlebnis-biniagual\/#primaryimage\",\"url\":\"https:\/\/finca-biniagual.com\/wp-content\/uploads\/2024\/01\/opcion2.webp\",\"contentUrl\":\"https:\/\/finca-biniagual.com\/wp-content\/uploads\/2024\/01\/opcion2.webp\",\"width\":1080,\"height\":720},{\"@type\":\"BreadcrumbList\",\"@id\":\"https:\/\/finca-biniagual.com\/de\/producto\/wein-tour-erlebnis-biniagual\/#breadcrumb\",\"itemListElement\":[{\"@type\":\"ListItem\",\"position\":1,\"name\":\"Portada\",\"item\":\"https:\/\/finca-biniagual.com\/\"},{\"@type\":\"ListItem\",\"position\":2,\"name\":\"Speichern\",\"item\":\"https:\/\/finca-biniagual.com\/speichern\/\"},{\"@type\":\"ListItem\",\"position\":3,\"name\":\"Option 2-Wein &amp; Tour Erlebnis Biniagual\"}]},{\"@type\":\"WebSite\",\"@id\":\"https:\/\/finca-biniagual.com\/#website\",\"url\":\"https:\/\/finca-biniagual.com\/\",\"name\":\"Finca Biniagual\",\"description\":\"\",\"publisher\":{\"@id\":\"https:\/\/finca-biniagual.com\/#organization\"},\"potentialAction\":[{\"@type\":\"SearchAction\",\"target\":{\"@type\":\"EntryPoint\",\"urlTemplate\":\"https:\/\/finca-biniagual.com\/?s={search_term_string}\"},\"query-input\":{\"@type\":\"PropertyValueSpecification\",\"valueRequired\":true,\"valueName\":\"search_term_string\"}}],\"inLanguage\":\"de\"},{\"@type\":\"Organization\",\"@id\":\"https:\/\/finca-biniagual.com\/#organization\",\"name\":\"Finca Biniagual\",\"url\":\"https:\/\/finca-biniagual.com\/\",\"logo\":{\"@type\":\"ImageObject\",\"inLanguage\":\"de\",\"@id\":\"https:\/\/finca-biniagual.com\/#\/schema\/logo\/image\/\",\"url\":\"https:\/\/finca-biniagual.com\/wp-content\/uploads\/2023\/11\/descarga.png\",\"contentUrl\":\"https:\/\/finca-biniagual.com\/wp-content\/uploads\/2023\/11\/descarga.png\",\"width\":225,\"height\":225,\"caption\":\"Finca Biniagual\"},\"image\":{\"@id\":\"https:\/\/finca-biniagual.com\/#\/schema\/logo\/image\/\"}}]}<\/script>\n<!-- \/ Yoast SEO plugin. -->","yoast_head_json":{"title":"Option 2-Wein &amp; Tour Erlebnis Biniagual - Finca Biniagual","robots":{"index":"index","follow":"follow","max-snippet":"max-snippet:-1","max-image-preview":"max-image-preview:large","max-video-preview":"max-video-preview:-1"},"canonical":"https:\/\/finca-biniagual.com\/de\/producto\/wein-tour-erlebnis-biniagual\/","og_locale":"de_DE","og_type":"article","og_title":"Option 2-Wein &amp; Tour Erlebnis Biniagual - Finca Biniagual","og_description":"Bitte w\u00e4hlen Sie die Anzahl entsprechend der teilnehmenden Personen aus.","og_url":"https:\/\/finca-biniagual.com\/de\/producto\/wein-tour-erlebnis-biniagual\/","og_site_name":"Finca Biniagual","article_modified_time":"2026-03-13T10:09:41+00:00","og_image":[{"width":1080,"height":720,"url":"https:\/\/finca-biniagual.com\/wp-content\/uploads\/2024\/01\/opcion2.webp","type":"image\/webp"}],"twitter_card":"summary_large_image","twitter_misc":{"Gesch\u00e4tzte Lesezeit":"1\u00a0Minute"},"schema":{"@context":"https:\/\/schema.org","@graph":[{"@type":"WebPage","@id":"https:\/\/finca-biniagual.com\/de\/producto\/wein-tour-erlebnis-biniagual\/","url":"https:\/\/finca-biniagual.com\/de\/producto\/wein-tour-erlebnis-biniagual\/","name":"Option 2-Wein &amp; Tour Erlebnis Biniagual - Finca Biniagual","isPartOf":{"@id":"https:\/\/finca-biniagual.com\/#website"},"primaryImageOfPage":{"@id":"https:\/\/finca-biniagual.com\/de\/producto\/wein-tour-erlebnis-biniagual\/#primaryimage"},"image":{"@id":"https:\/\/finca-biniagual.com\/de\/producto\/wein-tour-erlebnis-biniagual\/#primaryimage"},"thumbnailUrl":"https:\/\/finca-biniagual.com\/wp-content\/uploads\/2024\/01\/opcion2.webp","datePublished":"2026-02-23T15:11:00+00:00","dateModified":"2026-03-13T10:09:41+00:00","breadcrumb":{"@id":"https:\/\/finca-biniagual.com\/de\/producto\/wein-tour-erlebnis-biniagual\/#breadcrumb"},"inLanguage":"de","potentialAction":[{"@type":"ReadAction","target":["https:\/\/finca-biniagual.com\/de\/producto\/wein-tour-erlebnis-biniagual\/"]}]},{"@type":"ImageObject","inLanguage":"de","@id":"https:\/\/finca-biniagual.com\/de\/producto\/wein-tour-erlebnis-biniagual\/#primaryimage","url":"https:\/\/finca-biniagual.com\/wp-content\/uploads\/2024\/01\/opcion2.webp","contentUrl":"https:\/\/finca-biniagual.com\/wp-content\/uploads\/2024\/01\/opcion2.webp","width":1080,"height":720},{"@type":"BreadcrumbList","@id":"https:\/\/finca-biniagual.com\/de\/producto\/wein-tour-erlebnis-biniagual\/#breadcrumb","itemListElement":[{"@type":"ListItem","position":1,"name":"Portada","item":"https:\/\/finca-biniagual.com\/"},{"@type":"ListItem","position":2,"name":"Speichern","item":"https:\/\/finca-biniagual.com\/speichern\/"},{"@type":"ListItem","position":3,"name":"Option 2-Wein &amp; Tour Erlebnis Biniagual"}]},{"@type":"WebSite","@id":"https:\/\/finca-biniagual.com\/#website","url":"https:\/\/finca-biniagual.com\/","name":"Finca Biniagual","description":"","publisher":{"@id":"https:\/\/finca-biniagual.com\/#organization"},"potentialAction":[{"@type":"SearchAction","target":{"@type":"EntryPoint","urlTemplate":"https:\/\/finca-biniagual.com\/?s={search_term_string}"},"query-input":{"@type":"PropertyValueSpecification","valueRequired":true,"valueName":"search_term_string"}}],"inLanguage":"de"},{"@type":"Organization","@id":"https:\/\/finca-biniagual.com\/#organization","name":"Finca Biniagual","url":"https:\/\/finca-biniagual.com\/","logo":{"@type":"ImageObject","inLanguage":"de","@id":"https:\/\/finca-biniagual.com\/#\/schema\/logo\/image\/","url":"https:\/\/finca-biniagual.com\/wp-content\/uploads\/2023\/11\/descarga.png","contentUrl":"https:\/\/finca-biniagual.com\/wp-content\/uploads\/2023\/11\/descarga.png","width":225,"height":225,"caption":"Finca Biniagual"},"image":{"@id":"https:\/\/finca-biniagual.com\/#\/schema\/logo\/image\/"}}]}},"_links":{"self":[{"href":"https:\/\/finca-biniagual.com\/de\/wp-json\/wp\/v2\/product\/3837","targetHints":{"allow":["GET"]}}],"collection":[{"href":"https:\/\/finca-biniagual.com\/de\/wp-json\/wp\/v2\/product"}],"about":[{"href":"https:\/\/finca-biniagual.com\/de\/wp-json\/wp\/v2\/types\/product"}],"wp:featuredmedia":[{"embeddable":true,"href":"https:\/\/finca-biniagual.com\/de\/wp-json\/wp\/v2\/media\/2545"}],"wp:attachment":[{"href":"https:\/\/finca-biniagual.com\/de\/wp-json\/wp\/v2\/media?parent=3837"}],"wp:term":[{"taxonomy":"product_brand","embeddable":true,"href":"https:\/\/finca-biniagual.com\/de\/wp-json\/wp\/v2\/product_brand?post=3837"},{"taxonomy":"product_cat","embeddable":true,"href":"https:\/\/finca-biniagual.com\/de\/wp-json\/wp\/v2\/product_cat?post=3837"},{"taxonomy":"product_tag","embeddable":true,"href":"https:\/\/finca-biniagual.com\/de\/wp-json\/wp\/v2\/product_tag?post=3837"}],"curies":[{"name":"wp","href":"https:\/\/api.w.org\/{rel}","templated":true}]}}